{"id":7799,"date":"2017-06-25T15:33:09","date_gmt":"2017-06-25T15:33:09","guid":{"rendered":"https:\/\/elisabragarchitects.com\/studio\/?page_id=7799"},"modified":"2017-11-04T14:48:21","modified_gmt":"2017-11-04T14:48:21","slug":"direzione-lavori","status":"publish","type":"page","link":"https:\/\/elisabragarchitects.com\/studio\/servizi\/direzione-lavori\/","title":{"rendered":"Direzione lavori"},"content":{"rendered":"<p>[vc_row row_content_width=&#8221;grid&#8221; css=&#8221;.vc_custom_1498921732152{margin-top: 160px !important;padding-bottom: 55px !important;}&#8221;][vc_column width=&#8221;1\/2&#8243; css=&#8221;.vc_custom_1498754113148{margin-top: -20px !important;}&#8221;][vc_column_text el_class=&#8221;giustificato&#8221;]<\/p>\n<h1 class=\"titolo\">Direzione lavori<\/h1>\n<p>A valle della progettazione, al fine di ottenere immobili di qualit\u00e0 e dare concretezza al progetto in modo ottimale, l&#8217;attivit\u00e0 di direzione del cantiere \u00e8 fondamentale. E&#8217; infatti attraverso una competente, puntuale e costante verifica dei lavori e la relativa attivit\u00e0 di risoluzione dei problemi in cantiere che si ottiene uno stabile costruito a regola d&#8217;arte.<br \/>\nLo Studio ElisaBragArchitects, oltre ad una grande esperienza in cantiere si avvale di professionisti altamente qualificati capaci di risolvere con rapidit\u00e0 ed in modo puntuale ogni situazione, attuando una politica di responsabilit\u00e0 e controllo sulle attivit\u00e0 di cantiere molto rigorosa e capillare. Questo nella pratica \u00e8 un aspetto distintivo del servizio offerto dallo studio ai propri clienti.[\/vc_column_text][\/vc_column][vc_column width=&#8221;1\/2&#8243;][vc_single_image image=&#8221;7800&#8243; img_size=&#8221;full&#8221;][\/vc_column][\/vc_row][vc_row][vc_column][vc_separator][\/vc_column][\/vc_row][vc_row css=&#8221;.vc_custom_1498404128532{margin-top: 50px !important;margin-right: 1% !important;margin-left: 1% !important;padding-bottom: 30px !important;}&#8221;][vc_column width=&#8221;1\/6&#8243;][vc_single_image image=&#8221;7699&#8243; img_size=&#8221;full&#8221; alignment=&#8221;center&#8221; onclick=&#8221;custom_link&#8221; link=&#8221;https:\/\/elisabragarchitects.com\/studio\/servizi\/progettazione-architettonica\/&#8221;][vc_column_text el_class=&#8221;TitoloPiccolo&#8221;]<\/p>\n<h3><span style=\"color: #999999;\">progettazione architettonica<\/span><\/h3>\n<p>[\/vc_column_text][\/vc_column][vc_column width=&#8221;1\/6&#8243;][vc_single_image image=&#8221;7907&#8243; img_size=&#8221;full&#8221; alignment=&#8221;center&#8221; onclick=&#8221;custom_link&#8221; link=&#8221;https:\/\/elisabragarchitects.com\/studio\/servizi\/progettazione-interni\/&#8221;][vc_column_text css=&#8221;.vc_custom_1498404309902{margin-top: 0px !important;border-top-width: 0px !important;padding-top: 0px !important;}&#8221; el_class=&#8221;TitoloPiccolo&#8221;]<\/p>\n<h3><span style=\"color: #999999;\">progettazione d&#8217;interni<\/span><\/h3>\n<p>[\/vc_column_text][\/vc_column][vc_column width=&#8221;1\/6&#8243;][vc_single_image image=&#8221;7700&#8243; img_size=&#8221;full&#8221; alignment=&#8221;center&#8221; onclick=&#8221;custom_link&#8221; link=&#8221;https:\/\/elisabragarchitects.com\/studio\/servizi\/progettazione-energetica\/&#8221;][vc_column_text css=&#8221;.vc_custom_1498404319054{margin-top: 0px !important;border-top-width: 0px !important;padding-top: 0px !important;}&#8221; el_class=&#8221;TitoloPiccolo&#8221;]<\/p>\n<h3><span style=\"color: #999999;\">progettazione energetica<\/span><\/h3>\n<p>[\/vc_column_text][\/vc_column][vc_column width=&#8221;1\/6&#8243;][vc_single_image image=&#8221;7698&#8243; img_size=&#8221;full&#8221; alignment=&#8221;center&#8221; onclick=&#8221;custom_link&#8221; link=&#8221;https:\/\/elisabragarchitects.com\/studio\/servizi\/direzione-lavori\/&#8221;][vc_column_text el_class=&#8221;TitoloPiccolo&#8221;]<\/p>\n<h3><span style=\"color: #999999;\">direzione lavori<\/span><\/h3>\n<p>[\/vc_column_text][\/vc_column][vc_column width=&#8221;1\/6&#8243;][vc_single_image image=&#8221;7702&#8243; img_size=&#8221;full&#8221; alignment=&#8221;center&#8221; onclick=&#8221;custom_link&#8221; link=&#8221;https:\/\/elisabragarchitects.com\/studio\/servizi\/sicurezza-in-cantiere\/&#8221;][vc_column_text el_class=&#8221;TitoloPiccolo&#8221;]<\/p>\n<h3><span style=\"color: #999999;\">sicurezza in cantiere<\/span><\/h3>\n<p>[\/vc_column_text][\/vc_column][vc_column width=&#8221;1\/6&#8243;][vc_single_image image=&#8221;7697&#8243; img_size=&#8221;full&#8221; alignment=&#8221;center&#8221; onclick=&#8221;custom_link&#8221; link=&#8221;https:\/\/elisabragarchitects.com\/studio\/servizi\/catasto\/&#8221;][vc_column_text el_class=&#8221;TitoloPiccolo&#8221;]<\/p>\n<h3><span style=\"color: #999999;\">castasto<\/span><\/h3>\n<p>[\/vc_column_text][\/vc_column][\/vc_row]<\/p>\n","protected":false},"excerpt":{"rendered":"<p>[vc_row row_content_width=&#8221;grid&#8221; css=&#8221;.vc_custom_1498921732152{margin-top: 160px !important;padding-bottom: 55px !important;}&#8221;][vc_column width=&#8221;1\/2&#8243; css=&#8221;.vc_custom_1498754113148{margin-top: -20px !important;}&#8221;][vc_column_text el_class=&#8221;giustificato&#8221;] Direzione lavori A valle della progettazione, al fine [&hellip;]<\/p>\n","protected":false},"author":1,"featured_media":0,"parent":5815,"menu_order":0,"comment_status":"closed","ping_status":"closed","template":"full-width.php","meta":{"footnotes":""},"yoast_head":"<!-- This site is optimized with the Yoast SEO plugin v21.0 - https:\/\/yoast.com\/wordpress\/plugins\/seo\/ -->\n<title>Direzione lavori - Elisa Braga Architects<\/title>\n<meta name=\"description\" content=\"Attraverso una competente e costante verifica dei lavori e la risoluzione dei problemi in cantiere si ottiene uno stabile costruito a regola d\u2019arte\" \/>\n<meta name=\"robots\" content=\"index, follow, max-snippet:-1, max-image-preview:large, max-video-preview:-1\" \/>\n<link rel=\"canonical\" href=\"https:\/\/elisabragarchitects.com\/studio\/servizi\/direzione-lavori\/\" \/>\n<meta property=\"og:locale\" content=\"it_IT\" \/>\n<meta property=\"og:type\" content=\"article\" \/>\n<meta property=\"og:title\" content=\"Direzione lavori - Elisa Braga Architects\" \/>\n<meta property=\"og:description\" content=\"Attraverso una competente e costante verifica dei lavori e la risoluzione dei problemi in cantiere si ottiene uno stabile costruito a regola d\u2019arte\" \/>\n<meta property=\"og:url\" content=\"https:\/\/elisabragarchitects.com\/studio\/servizi\/direzione-lavori\/\" \/>\n<meta property=\"og:site_name\" content=\"Elisa Braga Architects\" \/>\n<meta property=\"article:publisher\" content=\"https:\/\/www.facebook.com\/elisa.braga.58\" \/>\n<meta property=\"article:modified_time\" content=\"2017-11-04T14:48:21+00:00\" \/>\n<meta property=\"og:image\" content=\"https:\/\/elisabragarchitects.com\/studio\/wp-content\/uploads\/2017\/07\/logoEB.png\" \/>\n\t<meta property=\"og:image:width\" content=\"400\" \/>\n\t<meta property=\"og:image:height\" content=\"58\" \/>\n\t<meta property=\"og:image:type\" content=\"image\/png\" \/>\n<meta name=\"twitter:card\" content=\"summary_large_image\" \/>\n<meta name=\"twitter:label1\" content=\"Tempo di lettura stimato\" \/>\n\t<meta name=\"twitter:data1\" content=\"2 minuti\" \/>\n<script type=\"application\/ld+json\" class=\"yoast-schema-graph\">{\"@context\":\"https:\/\/schema.org\",\"@graph\":[{\"@type\":\"WebPage\",\"@id\":\"https:\/\/elisabragarchitects.com\/studio\/servizi\/direzione-lavori\/\",\"url\":\"https:\/\/elisabragarchitects.com\/studio\/servizi\/direzione-lavori\/\",\"name\":\"Direzione lavori - Elisa Braga Architects\",\"isPartOf\":{\"@id\":\"https:\/\/elisabragarchitects.com\/studio\/#website\"},\"datePublished\":\"2017-06-25T15:33:09+00:00\",\"dateModified\":\"2017-11-04T14:48:21+00:00\",\"description\":\"Attraverso una competente e costante verifica dei lavori e la risoluzione dei problemi in cantiere si ottiene uno stabile costruito a regola d\u2019arte\",\"breadcrumb\":{\"@id\":\"https:\/\/elisabragarchitects.com\/studio\/servizi\/direzione-lavori\/#breadcrumb\"},\"inLanguage\":\"it-IT\",\"potentialAction\":[{\"@type\":\"ReadAction\",\"target\":[\"https:\/\/elisabragarchitects.com\/studio\/servizi\/direzione-lavori\/\"]}]},{\"@type\":\"BreadcrumbList\",\"@id\":\"https:\/\/elisabragarchitects.com\/studio\/servizi\/direzione-lavori\/#breadcrumb\",\"itemListElement\":[{\"@type\":\"ListItem\",\"position\":1,\"name\":\"Home\",\"item\":\"https:\/\/elisabragarchitects.com\/studio\/\"},{\"@type\":\"ListItem\",\"position\":2,\"name\":\"Servizi\",\"item\":\"https:\/\/elisabragarchitects.com\/studio\/servizi\/\"},{\"@type\":\"ListItem\",\"position\":3,\"name\":\"Direzione lavori\"}]},{\"@type\":\"WebSite\",\"@id\":\"https:\/\/elisabragarchitects.com\/studio\/#website\",\"url\":\"https:\/\/elisabragarchitects.com\/studio\/\",\"name\":\"Elisa Braga Architects\",\"description\":\"Progetti che durano nel tempo\",\"potentialAction\":[{\"@type\":\"SearchAction\",\"target\":{\"@type\":\"EntryPoint\",\"urlTemplate\":\"https:\/\/elisabragarchitects.com\/studio\/?s={search_term_string}\"},\"query-input\":\"required name=search_term_string\"}],\"inLanguage\":\"it-IT\"}]}<\/script>\n<!-- \/ Yoast SEO plugin. -->","yoast_head_json":{"title":"Direzione lavori - Elisa Braga Architects","description":"Attraverso una competente e costante verifica dei lavori e la risoluzione dei problemi in cantiere si ottiene uno stabile costruito a regola d\u2019arte","robots":{"index":"index","follow":"follow","max-snippet":"max-snippet:-1","max-image-preview":"max-image-preview:large","max-video-preview":"max-video-preview:-1"},"canonical":"https:\/\/elisabragarchitects.com\/studio\/servizi\/direzione-lavori\/","og_locale":"it_IT","og_type":"article","og_title":"Direzione lavori - Elisa Braga Architects","og_description":"Attraverso una competente e costante verifica dei lavori e la risoluzione dei problemi in cantiere si ottiene uno stabile costruito a regola d\u2019arte","og_url":"https:\/\/elisabragarchitects.com\/studio\/servizi\/direzione-lavori\/","og_site_name":"Elisa Braga Architects","article_publisher":"https:\/\/www.facebook.com\/elisa.braga.58","article_modified_time":"2017-11-04T14:48:21+00:00","og_image":[{"width":400,"height":58,"url":"https:\/\/elisabragarchitects.com\/studio\/wp-content\/uploads\/2017\/07\/logoEB.png","type":"image\/png"}],"twitter_card":"summary_large_image","twitter_misc":{"Tempo di lettura stimato":"2 minuti"},"schema":{"@context":"https:\/\/schema.org","@graph":[{"@type":"WebPage","@id":"https:\/\/elisabragarchitects.com\/studio\/servizi\/direzione-lavori\/","url":"https:\/\/elisabragarchitects.com\/studio\/servizi\/direzione-lavori\/","name":"Direzione lavori - Elisa Braga Architects","isPartOf":{"@id":"https:\/\/elisabragarchitects.com\/studio\/#website"},"datePublished":"2017-06-25T15:33:09+00:00","dateModified":"2017-11-04T14:48:21+00:00","description":"Attraverso una competente e costante verifica dei lavori e la risoluzione dei problemi in cantiere si ottiene uno stabile costruito a regola d\u2019arte","breadcrumb":{"@id":"https:\/\/elisabragarchitects.com\/studio\/servizi\/direzione-lavori\/#breadcrumb"},"inLanguage":"it-IT","potentialAction":[{"@type":"ReadAction","target":["https:\/\/elisabragarchitects.com\/studio\/servizi\/direzione-lavori\/"]}]},{"@type":"BreadcrumbList","@id":"https:\/\/elisabragarchitects.com\/studio\/servizi\/direzione-lavori\/#breadcrumb","itemListElement":[{"@type":"ListItem","position":1,"name":"Home","item":"https:\/\/elisabragarchitects.com\/studio\/"},{"@type":"ListItem","position":2,"name":"Servizi","item":"https:\/\/elisabragarchitects.com\/studio\/servizi\/"},{"@type":"ListItem","position":3,"name":"Direzione lavori"}]},{"@type":"WebSite","@id":"https:\/\/elisabragarchitects.com\/studio\/#website","url":"https:\/\/elisabragarchitects.com\/studio\/","name":"Elisa Braga Architects","description":"Progetti che durano nel tempo","potentialAction":[{"@type":"SearchAction","target":{"@type":"EntryPoint","urlTemplate":"https:\/\/elisabragarchitects.com\/studio\/?s={search_term_string}"},"query-input":"required name=search_term_string"}],"inLanguage":"it-IT"}]}},"_links":{"self":[{"href":"https:\/\/elisabragarchitects.com\/studio\/wp-json\/wp\/v2\/pages\/7799"}],"collection":[{"href":"https:\/\/elisabragarchitects.com\/studio\/wp-json\/wp\/v2\/pages"}],"about":[{"href":"https:\/\/elisabragarchitects.com\/studio\/wp-json\/wp\/v2\/types\/page"}],"author":[{"embeddable":true,"href":"https:\/\/elisabragarchitects.com\/studio\/wp-json\/wp\/v2\/users\/1"}],"replies":[{"embeddable":true,"href":"https:\/\/elisabragarchitects.com\/studio\/wp-json\/wp\/v2\/comments?post=7799"}],"version-history":[{"count":8,"href":"https:\/\/elisabragarchitects.com\/studio\/wp-json\/wp\/v2\/pages\/7799\/revisions"}],"predecessor-version":[{"id":8144,"href":"https:\/\/elisabragarchitects.com\/studio\/wp-json\/wp\/v2\/pages\/7799\/revisions\/8144"}],"up":[{"embeddable":true,"href":"https:\/\/elisabragarchitects.com\/studio\/wp-json\/wp\/v2\/pages\/5815"}],"wp:attachment":[{"href":"https:\/\/elisabragarchitects.com\/studio\/wp-json\/wp\/v2\/media?parent=7799"}],"curies":[{"name":"wp","href":"https:\/\/api.w.org\/{rel}","templated":true}]}}